{"id":178,"date":"2026-02-05T08:08:18","date_gmt":"2026-02-05T08:08:18","guid":{"rendered":"https:\/\/70vjuhla.fi\/?page_id=178"},"modified":"2026-03-27T08:11:33","modified_gmt":"2026-03-27T08:11:33","slug":"we-care-menu","status":"publish","type":"page","link":"https:\/\/70vjuhla.fi\/?page_id=178","title":{"rendered":"WE CARE MENU*"},"content":{"rendered":"\n<p class=\"has-text-align-left\"><strong>Sieni\u00e4, tryffeli ja parmesaani (G,L)<\/strong><br>Sienibriossia, tryffelikreemi\u00e4, rapeaa parmesaania<br>ja j\u00e4\u00e4kellarinsipulia<\/p>\n\n\n\n<p><strong>Kuha, broccolini ja manteli (G,L)<\/strong><br>Kotimaista kuhaa, grillattua broccolinia, voikastiketta<br>ja mantelia<\/p>\n\n\n\n<p><strong>Mustikka, valkosuklaa ja rakuuna (G)<\/strong><br>Mustikkamousse italialaisen marengin kera, rakuunaa,<br>mustikkahilloa ja karamellisoitua valkosuklaata<\/p>\n\n\n\n<p>Jos on toivomuksessa kasvimenu, pyyd\u00e4mme ilmoittamaan\u00a0<a href=\"mailto:heli.halava@sukeltaja.fi\">heli.halava@sukeltaja.fi<\/a><\/p>\n\n\n\n<p>Ruoka-aine allergiat olemme ker\u00e4nneet ilmoittaumisen yhteydess\u00e4 ja \u00a0v\u00e4lit\u00e4mme ne suoraan keitti\u00f6lle.<\/p>\n\n\n\n<p class=\"has-small-font-size\">*<em>1 \u20ac osallistujaa kohden lahjoitetaan John Nurmisen s\u00e4\u00e4ti\u00f6lle It\u00e4meren suojeluun.<\/em><\/p>\n\n\n\n<p><\/p>\n","protected":false},"excerpt":{"rendered":"<p>Sieni\u00e4, tryffeli ja parmesaani (G,L)Sienibriossia, tryffelikreemi\u00e4, rapeaa parmesaaniaja j\u00e4\u00e4kellarinsipulia Kuha, broccolini ja manteli (G,L)Kotimaista kuhaa, grillattua broccolinia, voikastikettaja mantelia Mustikka, valkosuklaa ja rakuuna (G)Mustikkamousse italialaisen marengin kera, rakuunaa,mustikkahilloa ja karamellisoitua valkosuklaata Jos on toivomuksessa kasvimenu, pyyd\u00e4mme ilmoittamaan\u00a0heli.halava@sukeltaja.fi Ruoka-aine allergiat olemme ker\u00e4nneet ilmoittaumisen yhteydess\u00e4 ja \u00a0v\u00e4lit\u00e4mme ne suoraan keitti\u00f6lle. *1 \u20ac osallistujaa kohden lahjoitetaan John Nurmisen &hellip; <\/p>\n<p class=\"link-more\"><a href=\"https:\/\/70vjuhla.fi\/?page_id=178\" class=\"more-link\">Continue reading<span class=\"screen-reader-text\"> &#8220;WE CARE MENU*&#8221;<\/span><\/a><\/p>\n","protected":false},"author":2,"featured_media":187,"parent":0,"menu_order":0,"comment_status":"closed","ping_status":"closed","template":"","meta":{"footnotes":""},"class_list":["post-178","page","type-page","status-publish","has-post-thumbnail","hentry"],"_links":{"self":[{"href":"https:\/\/70vjuhla.fi\/index.php?rest_route=\/wp\/v2\/pages\/178","targetHints":{"allow":["GET"]}}],"collection":[{"href":"https:\/\/70vjuhla.fi\/index.php?rest_route=\/wp\/v2\/pages"}],"about":[{"href":"https:\/\/70vjuhla.fi\/index.php?rest_route=\/wp\/v2\/types\/page"}],"author":[{"embeddable":true,"href":"https:\/\/70vjuhla.fi\/index.php?rest_route=\/wp\/v2\/users\/2"}],"replies":[{"embeddable":true,"href":"https:\/\/70vjuhla.fi\/index.php?rest_route=%2Fwp%2Fv2%2Fcomments&post=178"}],"version-history":[{"count":5,"href":"https:\/\/70vjuhla.fi\/index.php?rest_route=\/wp\/v2\/pages\/178\/revisions"}],"predecessor-version":[{"id":204,"href":"https:\/\/70vjuhla.fi\/index.php?rest_route=\/wp\/v2\/pages\/178\/revisions\/204"}],"wp:featuredmedia":[{"embeddable":true,"href":"https:\/\/70vjuhla.fi\/index.php?rest_route=\/wp\/v2\/media\/187"}],"wp:attachment":[{"href":"https:\/\/70vjuhla.fi\/index.php?rest_route=%2Fwp%2Fv2%2Fmedia&parent=178"}],"curies":[{"name":"wp","href":"https:\/\/api.w.org\/{rel}","templated":true}]}}